{"id":8970,"date":"2018-04-28T15:11:40","date_gmt":"2018-04-28T13:11:40","guid":{"rendered":"https:\/\/mundocachorro.com\/new\/"},"modified":"2024-06-06T13:19:41","modified_gmt":"2024-06-06T13:19:41","slug":"new","status":"publish","type":"page","link":"https:\/\/mundocachorro.com\/en\/","title":{"rendered":"Inicio"},"content":{"rendered":"","protected":false},"excerpt":{"rendered":"","protected":false},"author":1,"featured_media":0,"parent":0,"menu_order":0,"comment_status":"closed","ping_status":"closed","template":"template-modules.php","meta":{"footnotes":""},"class_list":["post-8970","page","type-page","status-publish","hentry"],"yoast_head":"<!-- This site is optimized with the Yoast SEO plugin v27.3 - https:\/\/yoast.com\/product\/yoast-seo-wordpress\/ -->\n<title>Blog sobre perros gatos y m\u00e1s mascotas | Mundo Cachorro<\/title>\n<meta name=\"description\" content=\"mundocachorro desde hace m\u00e1s de 12 a\u00f1os para ofrecerte los mejores consejos, curiosidades e informaciones sobre cachorros \u00a1No te lo pierdas!\" \/>\n<meta name=\"robots\" content=\"index, follow, max-snippet:-1, max-image-preview:large, max-video-preview:-1\" \/>\n<link rel=\"canonical\" href=\"https:\/\/mundocachorro.com\/en\/\" \/>\n<meta property=\"og:locale\" content=\"en_US\" \/>\n<meta property=\"og:type\" content=\"article\" \/>\n<meta property=\"og:title\" content=\"Blog sobre perros gatos y m\u00e1s mascotas | Mundo Cachorro\" \/>\n<meta property=\"og:description\" content=\"mundocachorro desde hace m\u00e1s de 12 a\u00f1os para ofrecerte los mejores consejos, curiosidades e informaciones sobre cachorros \u00a1No te lo pierdas!\" \/>\n<meta property=\"og:url\" content=\"https:\/\/mundocachorro.com\/en\/\" \/>\n<meta property=\"og:site_name\" content=\"Mundo Cachorro\" \/>\n<meta property=\"article:publisher\" content=\"https:\/\/www.facebook.com\/mundocachorro\/\" \/>\n<meta property=\"article:modified_time\" content=\"2024-06-06T13:19:41+00:00\" \/>\n<meta property=\"og:image\" content=\"https:\/\/mundocachorro.com\/wp-content\/uploads\/2022\/05\/unnamed-7.png\" \/>\n\t<meta property=\"og:image:width\" content=\"462\" \/>\n\t<meta property=\"og:image:height\" content=\"480\" \/>\n\t<meta property=\"og:image:type\" content=\"image\/png\" \/>\n<script type=\"application\/ld+json\" class=\"yoast-schema-graph\">{\"@context\":\"https:\\\/\\\/schema.org\",\"@graph\":[{\"@type\":\"WebPage\",\"@id\":\"https:\\\/\\\/mundocachorro.com\\\/en\\\/\",\"url\":\"https:\\\/\\\/mundocachorro.com\\\/en\\\/\",\"name\":\"Blog sobre perros gatos y m\u00e1s mascotas | Mundo Cachorro\",\"isPartOf\":{\"@id\":\"https:\\\/\\\/mundocachorro.com\\\/en\\\/#website\"},\"datePublished\":\"2018-04-28T13:11:40+00:00\",\"dateModified\":\"2024-06-06T13:19:41+00:00\",\"description\":\"mundocachorro desde hace m\u00e1s de 12 a\u00f1os para ofrecerte los mejores consejos, curiosidades e informaciones sobre cachorros \u00a1No te lo pierdas!\",\"breadcrumb\":{\"@id\":\"https:\\\/\\\/mundocachorro.com\\\/en\\\/#breadcrumb\"},\"inLanguage\":\"en-US\",\"potentialAction\":[{\"@type\":\"ReadAction\",\"target\":[\"https:\\\/\\\/mundocachorro.com\\\/en\\\/\"]}]},{\"@type\":\"BreadcrumbList\",\"@id\":\"https:\\\/\\\/mundocachorro.com\\\/en\\\/#breadcrumb\",\"itemListElement\":[{\"@type\":\"ListItem\",\"position\":1,\"name\":\"Portada\",\"item\":\"https:\\\/\\\/mundocachorro.com\\\/en\\\/\"},{\"@type\":\"ListItem\",\"position\":2,\"name\":\"Inicio\"}]},{\"@type\":\"WebSite\",\"@id\":\"https:\\\/\\\/mundocachorro.com\\\/en\\\/#website\",\"url\":\"https:\\\/\\\/mundocachorro.com\\\/en\\\/\",\"name\":\"Mundo Cachorro\",\"description\":\"\",\"publisher\":{\"@id\":\"https:\\\/\\\/mundocachorro.com\\\/en\\\/#organization\"},\"potentialAction\":[{\"@type\":\"SearchAction\",\"target\":{\"@type\":\"EntryPoint\",\"urlTemplate\":\"https:\\\/\\\/mundocachorro.com\\\/en\\\/?s={search_term_string}\"},\"query-input\":{\"@type\":\"PropertyValueSpecification\",\"valueRequired\":true,\"valueName\":\"search_term_string\"}}],\"inLanguage\":\"en-US\"},{\"@type\":\"Organization\",\"@id\":\"https:\\\/\\\/mundocachorro.com\\\/en\\\/#organization\",\"name\":\"Mundo Cachorro\",\"url\":\"https:\\\/\\\/mundocachorro.com\\\/en\\\/\",\"logo\":{\"@type\":\"ImageObject\",\"inLanguage\":\"en-US\",\"@id\":\"https:\\\/\\\/mundocachorro.com\\\/en\\\/#\\\/schema\\\/logo\\\/image\\\/\",\"url\":\"https:\\\/\\\/mundocachorro.com\\\/wp-content\\\/uploads\\\/2022\\\/05\\\/unnamed-7.png\",\"contentUrl\":\"https:\\\/\\\/mundocachorro.com\\\/wp-content\\\/uploads\\\/2022\\\/05\\\/unnamed-7.png\",\"width\":462,\"height\":480,\"caption\":\"Mundo Cachorro\"},\"image\":{\"@id\":\"https:\\\/\\\/mundocachorro.com\\\/en\\\/#\\\/schema\\\/logo\\\/image\\\/\"},\"sameAs\":[\"https:\\\/\\\/www.facebook.com\\\/mundocachorro\\\/\",\"https:\\\/\\\/www.instagram.com\\\/mundo_cachorro_ofi\\\/\"]}]}<\/script>\n<!-- \/ Yoast SEO plugin. -->","yoast_head_json":{"title":"Blog sobre perros gatos y m\u00e1s mascotas | Mundo Cachorro","description":"mundocachorro desde hace m\u00e1s de 12 a\u00f1os para ofrecerte los mejores consejos, curiosidades e informaciones sobre cachorros \u00a1No te lo pierdas!","robots":{"index":"index","follow":"follow","max-snippet":"max-snippet:-1","max-image-preview":"max-image-preview:large","max-video-preview":"max-video-preview:-1"},"canonical":"https:\/\/mundocachorro.com\/en\/","og_locale":"en_US","og_type":"article","og_title":"Blog sobre perros gatos y m\u00e1s mascotas | Mundo Cachorro","og_description":"mundocachorro desde hace m\u00e1s de 12 a\u00f1os para ofrecerte los mejores consejos, curiosidades e informaciones sobre cachorros \u00a1No te lo pierdas!","og_url":"https:\/\/mundocachorro.com\/en\/","og_site_name":"Mundo Cachorro","article_publisher":"https:\/\/www.facebook.com\/mundocachorro\/","article_modified_time":"2024-06-06T13:19:41+00:00","og_image":[{"width":462,"height":480,"url":"https:\/\/mundocachorro.com\/wp-content\/uploads\/2022\/05\/unnamed-7.png","type":"image\/png"}],"schema":{"@context":"https:\/\/schema.org","@graph":[{"@type":"WebPage","@id":"https:\/\/mundocachorro.com\/en\/","url":"https:\/\/mundocachorro.com\/en\/","name":"Blog sobre perros gatos y m\u00e1s mascotas | Mundo Cachorro","isPartOf":{"@id":"https:\/\/mundocachorro.com\/en\/#website"},"datePublished":"2018-04-28T13:11:40+00:00","dateModified":"2024-06-06T13:19:41+00:00","description":"mundocachorro desde hace m\u00e1s de 12 a\u00f1os para ofrecerte los mejores consejos, curiosidades e informaciones sobre cachorros \u00a1No te lo pierdas!","breadcrumb":{"@id":"https:\/\/mundocachorro.com\/en\/#breadcrumb"},"inLanguage":"en-US","potentialAction":[{"@type":"ReadAction","target":["https:\/\/mundocachorro.com\/en\/"]}]},{"@type":"BreadcrumbList","@id":"https:\/\/mundocachorro.com\/en\/#breadcrumb","itemListElement":[{"@type":"ListItem","position":1,"name":"Portada","item":"https:\/\/mundocachorro.com\/en\/"},{"@type":"ListItem","position":2,"name":"Inicio"}]},{"@type":"WebSite","@id":"https:\/\/mundocachorro.com\/en\/#website","url":"https:\/\/mundocachorro.com\/en\/","name":"Mundo Cachorro","description":"","publisher":{"@id":"https:\/\/mundocachorro.com\/en\/#organization"},"potentialAction":[{"@type":"SearchAction","target":{"@type":"EntryPoint","urlTemplate":"https:\/\/mundocachorro.com\/en\/?s={search_term_string}"},"query-input":{"@type":"PropertyValueSpecification","valueRequired":true,"valueName":"search_term_string"}}],"inLanguage":"en-US"},{"@type":"Organization","@id":"https:\/\/mundocachorro.com\/en\/#organization","name":"Mundo Cachorro","url":"https:\/\/mundocachorro.com\/en\/","logo":{"@type":"ImageObject","inLanguage":"en-US","@id":"https:\/\/mundocachorro.com\/en\/#\/schema\/logo\/image\/","url":"https:\/\/mundocachorro.com\/wp-content\/uploads\/2022\/05\/unnamed-7.png","contentUrl":"https:\/\/mundocachorro.com\/wp-content\/uploads\/2022\/05\/unnamed-7.png","width":462,"height":480,"caption":"Mundo Cachorro"},"image":{"@id":"https:\/\/mundocachorro.com\/en\/#\/schema\/logo\/image\/"},"sameAs":["https:\/\/www.facebook.com\/mundocachorro\/","https:\/\/www.instagram.com\/mundo_cachorro_ofi\/"]}]}},"_links":{"self":[{"href":"https:\/\/mundocachorro.com\/en\/wp-json\/wp\/v2\/pages\/8970","targetHints":{"allow":["GET"]}}],"collection":[{"href":"https:\/\/mundocachorro.com\/en\/wp-json\/wp\/v2\/pages"}],"about":[{"href":"https:\/\/mundocachorro.com\/en\/wp-json\/wp\/v2\/types\/page"}],"author":[{"embeddable":true,"href":"https:\/\/mundocachorro.com\/en\/wp-json\/wp\/v2\/users\/1"}],"replies":[{"embeddable":true,"href":"https:\/\/mundocachorro.com\/en\/wp-json\/wp\/v2\/comments?post=8970"}],"version-history":[{"count":0,"href":"https:\/\/mundocachorro.com\/en\/wp-json\/wp\/v2\/pages\/8970\/revisions"}],"wp:attachment":[{"href":"https:\/\/mundocachorro.com\/en\/wp-json\/wp\/v2\/media?parent=8970"}],"curies":[{"name":"wp","href":"https:\/\/api.w.org\/{rel}","templated":true}]}}